{"id":24331,"date":"2016-09-14T08:27:19","date_gmt":"2016-09-14T08:27:19","guid":{"rendered":"http:\/\/democontent.codex-themes.com\/thegem-agencies\/?page_id=24331"},"modified":"2022-02-28T15:18:09","modified_gmt":"2022-02-28T14:18:09","slug":"thegem-agency-one-page-2","status":"publish","type":"page","link":"https:\/\/www.lightintheled.fr\/","title":{"rendered":"Homepage &#8211; Light in the LED"},"content":{"rendered":"<div class=\"wpb-content-wrapper\"><p>[vc_row][vc_column][vc_text_separator title=\u00a0\u00bbExp\u00e9rience &amp; Savoir-faire\u00a0\u00bb color=\u00a0\u00bbblack\u00a0\u00bb border_width=\u00a0\u00bb7&Prime;][vc_column_text]<\/p>\n<h5 style=\"text-align: center;\">La soci\u00e9t\u00e9 Light in the Led b\u00e9n\u00e9ficie de plus de 10 ans dans l\u2019univers de l\u2019\u00e9clairage.<\/h5>\n<p>[\/vc_column_text][\/vc_column][\/vc_row][vc_row][vc_column][vc_column_text]L\u2019\u00e9v\u00e9nementiel (stage lighting) a \u00e9t\u00e9 l\u2019un des pr\u00e9curseurs qui a berc\u00e9 les premiers de ses cr\u00e9ateurs. Contr\u00f4le, asservissement, mise en valeur, sc\u00e9nario et programmation sont les clefs d\u2019un \u00e9v\u00e9nement r\u00e9ussi qui seront les bases fondatrices du bureau d\u2019\u00e9tudes Light in the Led.[\/vc_column_text][vc_column_text]Light in the Led utilise les derni\u00e8res technologies LED innovantes permettant aux entreprises de r\u00e9aliser les plus importantes \u00e9conomies d\u2019\u00e9nergie et accompagne les professionnels de l\u2019industrie et le tertiaire dans la transition \u00e9nerg\u00e9tique autour de l\u2019\u00e9clairage. Les fondateurs, soucieux des enjeux environnementaux de demain proposent une solution innovante qui ma\u00eetrise la lumi\u00e8re dans les environnements de cultures nomm\u00e9e Vegetal Grow D\u00e9velopment (marque d\u00e9pos\u00e9e).<br \/>\nD\u2019un coup de crayon \u00e0 la r\u00e9alisation de vos id\u00e9es les plus ambitieuses, le bureau d\u2019\u00e9tudes Light in the Led vous accompagne dans tous vos projets.[\/vc_column_text][\/vc_column][\/vc_row][vc_row][vc_column][vc_column_text]Sans jeux de mots, le spectre d\u2019action de notre soci\u00e9t\u00e9 est large couvrant l\u2019architecture, le design, les demandes OEM, la fabrication sur mesure, l\u2019\u00e9clairage au service de l\u2019agriculture, la recherche et d\u00e9veloppement, la fluorescence active, le contr\u00f4le et la programmation d\u2019animation et le \u00ab retrofit lighting \u00bb qui vise \u00e0 faire du neuf en conservant au maximum les propri\u00e9t\u00e9s de l\u2019ancien.[\/vc_column_text][\/vc_column][\/vc_row][vc_row][vc_column][vc_column_text]Notre savoir-faire ouvre les champs des possibles pour toutes vos envies de cr\u00e9ation et r\u00e9alisation sur mesure adapt\u00e9es \u00e0 vos ambiances.[\/vc_column_text][\/vc_column][\/vc_row]<\/p>\n<\/div>","protected":false},"excerpt":{"rendered":"<p>[vc_row][vc_column][vc_text_separator title=\u00a0\u00bbExp\u00e9rience &amp; Savoir-faire\u00a0\u00bb color=\u00a0\u00bbblack\u00a0\u00bb border_width=\u00a0\u00bb7&Prime;][vc_column_text] La soci\u00e9t\u00e9 Light in the Led b\u00e9n\u00e9ficie de plus de 10 ans dans l\u2019univers&#8230;<\/p>\n","protected":false},"author":1,"featured_media":0,"parent":0,"menu_order":0,"comment_status":"closed","ping_status":"closed","template":"","meta":{"footnotes":""},"class_list":["post-24331","page","type-page","status-publish"],"_links":{"self":[{"href":"https:\/\/www.lightintheled.fr\/index.php\/wp-json\/wp\/v2\/pages\/24331","targetHints":{"allow":["GET"]}}],"collection":[{"href":"https:\/\/www.lightintheled.fr\/index.php\/wp-json\/wp\/v2\/pages"}],"about":[{"href":"https:\/\/www.lightintheled.fr\/index.php\/wp-json\/wp\/v2\/types\/page"}],"author":[{"embeddable":true,"href":"https:\/\/www.lightintheled.fr\/index.php\/wp-json\/wp\/v2\/users\/1"}],"replies":[{"embeddable":true,"href":"https:\/\/www.lightintheled.fr\/index.php\/wp-json\/wp\/v2\/comments?post=24331"}],"version-history":[{"count":97,"href":"https:\/\/www.lightintheled.fr\/index.php\/wp-json\/wp\/v2\/pages\/24331\/revisions"}],"predecessor-version":[{"id":25076,"href":"https:\/\/www.lightintheled.fr\/index.php\/wp-json\/wp\/v2\/pages\/24331\/revisions\/25076"}],"wp:attachment":[{"href":"https:\/\/www.lightintheled.fr\/index.php\/wp-json\/wp\/v2\/media?parent=24331"}],"curies":[{"name":"wp","href":"https:\/\/api.w.org\/{rel}","templated":true}]}}