{"id":24920,"date":"2019-11-27T11:13:22","date_gmt":"2019-11-27T10:13:22","guid":{"rendered":"https:\/\/www.lightintheled.fr\/?page_id=24920"},"modified":"2019-12-16T17:26:50","modified_gmt":"2019-12-16T16:26:50","slug":"realisations","status":"publish","type":"page","link":"https:\/\/www.lightintheled.fr\/index.php\/realisations\/","title":{"rendered":"R\u00e9alisations"},"content":{"rendered":"<div class=\"wpb-content-wrapper\"><p>[vc_row][vc_column][vc_column_text]Depuis 2013, les applications Light in the Led ne manquent pas \u00e0 l\u2019appel. Aucun domaine ne nous \u00e9chappe.<br \/>\nL\u2019art d\u2019\u00e9clairer ne se cantonne pas \u00e0 une ratio Lux par euros d\u00e9pens\u00e9s. La consommation, la pollution lumineuse, l\u2019esth\u00e9tique font partie int\u00e9grante d&rsquo;un bon \u00e9clairement.<br \/>\nLe bureau Light in the Led vous garantit le respect de ces fondamentaux pour des r\u00e9alisations r\u00e9ussies et p\u00e9rennes.[\/vc_column_text][\/vc_column][\/vc_row][vc_row][vc_column width=\u00a0\u00bb1\/2&Prime;][\/vc_column][vc_column width=\u00a0\u00bb1\/2&Prime;][vc_column_text]<\/p>\n<ul>\n<li><strong>S\u2019adapter \u00e0 des contraintes<\/strong>\n<ul>\n<li>Intermarch\u00e9, ch\u00e2teau encastr\u00e9 sol, encastr\u00e9 sol de mairie&#8230;<\/li>\n<\/ul>\n<\/li>\n<\/ul>\n<p>[\/vc_column_text][\/vc_column][\/vc_row][vc_row][vc_column width=\u00a0\u00bb1\/2&Prime;][vc_column_text]<\/p>\n<ul>\n<li><strong>Accompagnement et proposition d\u2019\u00e9clairage<\/strong><\/li>\n<\/ul>\n<p>Magasin, restaurant, Maison, bowling, station-service, Gare &#8230;[\/vc_column_text][\/vc_column][vc_column width=\u00a0\u00bb1\/2&Prime;][vc_single_image image=\u00a0\u00bb24988&Prime; img_size=\u00a0\u00bb400*400&Prime; css_animation=\u00a0\u00bbfadeInRight\u00a0\u00bb][\/vc_column][\/vc_row][vc_row][vc_column width=\u00a0\u00bb1\/2&Prime;][vc_single_image image=\u00a0\u00bb25023&Prime; img_size=\u00a0\u00bb400*400&Prime; css_animation=\u00a0\u00bbfadeInLeft\u00a0\u00bb][\/vc_column][vc_column width=\u00a0\u00bb1\/2&Prime;][vc_column_text]<\/p>\n<ul>\n<li><strong>Artisanat d\u2019art\u00a0<\/strong><\/li>\n<\/ul>\n<p>Int\u00e9gration bois, ferronnerie, post formage,[\/vc_column_text][\/vc_column][\/vc_row][vc_row][vc_column width=\u00a0\u00bb1\/2&Prime;][vc_column_text]<\/p>\n<ul>\n<li><strong>Recyclage \u00ab\u00a0retrofit\u00a0\u00bb<\/strong><\/li>\n<\/ul>\n<p>Luminaire ancien, seconde vie des objets, \u00e9coresponsabilit\u00e9[\/vc_column_text][\/vc_column][vc_column width=\u00a0\u00bb1\/2&Prime;][vc_single_image image=\u00a0\u00bb24989&Prime; img_size=\u00a0\u00bb400*400&Prime; css_animation=\u00a0\u00bbfadeInRight\u00a0\u00bb][\/vc_column][\/vc_row][vc_row][vc_column width=\u00a0\u00bb1\/2&Prime;][vc_single_image image=\u00a0\u00bb25048&Prime; img_size=\u00a0\u00bb400*400&Prime; alignment=\u00a0\u00bbcenter\u00a0\u00bb css_animation=\u00a0\u00bbfadeInLeft\u00a0\u00bb][\/vc_column][vc_column width=\u00a0\u00bb1\/2&Prime;][vc_column_text]<\/p>\n<ul>\n<li><strong>Etude d\u2019\u00e9clairage simple et les plus\u00a0<\/strong><b>exigeantes<\/b>\n<ul>\n<li>Stade, terrain de tennis, gymnase &#8230;<\/li>\n<li>Station de peinture d\u2019a\u00e9ronef, chantier naval, d\u00e9p\u00f4t &#8230;<\/li>\n<li>Visu soft et BE<\/li>\n<\/ul>\n<\/li>\n<\/ul>\n<p>[\/vc_column_text][\/vc_column][\/vc_row]<\/p>\n<\/div>","protected":false},"excerpt":{"rendered":"<p>[vc_row][vc_column][vc_column_text]Depuis 2013, les applications Light in the Led ne manquent pas \u00e0 l\u2019appel. Aucun domaine ne nous \u00e9chappe. L\u2019art d\u2019\u00e9clairer&#8230;<\/p>\n","protected":false},"author":1,"featured_media":0,"parent":0,"menu_order":0,"comment_status":"closed","ping_status":"closed","template":"","meta":{"footnotes":""},"class_list":["post-24920","page","type-page","status-publish"],"_links":{"self":[{"href":"https:\/\/www.lightintheled.fr\/index.php\/wp-json\/wp\/v2\/pages\/24920","targetHints":{"allow":["GET"]}}],"collection":[{"href":"https:\/\/www.lightintheled.fr\/index.php\/wp-json\/wp\/v2\/pages"}],"about":[{"href":"https:\/\/www.lightintheled.fr\/index.php\/wp-json\/wp\/v2\/types\/page"}],"author":[{"embeddable":true,"href":"https:\/\/www.lightintheled.fr\/index.php\/wp-json\/wp\/v2\/users\/1"}],"replies":[{"embeddable":true,"href":"https:\/\/www.lightintheled.fr\/index.php\/wp-json\/wp\/v2\/comments?post=24920"}],"version-history":[{"count":20,"href":"https:\/\/www.lightintheled.fr\/index.php\/wp-json\/wp\/v2\/pages\/24920\/revisions"}],"predecessor-version":[{"id":25064,"href":"https:\/\/www.lightintheled.fr\/index.php\/wp-json\/wp\/v2\/pages\/24920\/revisions\/25064"}],"wp:attachment":[{"href":"https:\/\/www.lightintheled.fr\/index.php\/wp-json\/wp\/v2\/media?parent=24920"}],"curies":[{"name":"wp","href":"https:\/\/api.w.org\/{rel}","templated":true}]}}